{"id":24000,"date":"2022-02-03T09:10:55","date_gmt":"2022-02-03T14:10:55","guid":{"rendered":"http:\/\/www.conauto.com.ec\/?page_id=24000"},"modified":"2025-06-30T10:21:36","modified_gmt":"2025-06-30T15:21:36","slug":"catalogos","status":"publish","type":"page","link":"http:\/\/www.conauto.com.ec\/index.php\/catalogos\/","title":{"rendered":"Cat\u00e1logos"},"content":{"rendered":"<div class=\"wpb-content-wrapper\"><p>[vc_row type=\u00bbfull-width\u00bb css=\u00bb.vc_custom_1643930942905{background-image: url(https:\/\/www.conauto.com.ec\/wp-content\/uploads\/2022\/02\/bg-header-catalogos.jpg?id=24084) !important;background-position: center !important;background-repeat: no-repeat !important;background-size: cover !important;}\u00bb][vc_column][vc_single_image image=\u00bb24086&#8243; img_size=\u00bbfull\u00bb alignment=\u00bbcenter\u00bb][\/vc_column][\/vc_row][vc_row top_margin=\u00bbpage-margin-top\u00bb css=\u00bb.vc_custom_1478640647111{padding-bottom: 40px !important;}\u00bb][vc_column]<h2 class=\" box-header\">Lubricantes<\/h2>[\/vc_column][\/vc_row][vc_row css=\u00bb.vc_custom_1643899247082{padding-bottom: 40px !important;}\u00bb][vc_column width=\u00bb1\/4&#8243;][vc_empty_space][\/vc_column][vc_column width=\u00bb1\/4&#8243;][vc_column_text css=\u00bb.vc_custom_1710258681913{margin-bottom: 20px !important;}\u00bb]<a href=\"http:\/\/www.conauto.com.ec\/wp-content\/uploads\/2022\/02\/CATALOGO-LUBRICANTES%20TEXACO.pdf\" class=\"pdfemb-viewer\" style=\"\" data-width=\"max\" data-height=\"max\" data-toolbar=\"bottom\" data-toolbar-fixed=\"off\">CATALOGO-LUBRICANTES TEXACO<\/a><br \/>\n<a href=\"https:\/\/www.conauto.com.ec\/wp-content\/uploads\/2022\/02\/CATALOGO-LUBRICANTES TEXACO.pdf\" target=\"_blank\" rel=\"noopener\">Descargar cat\u00e1logo de Lubricantes Havoline, Ursa y Chevron<\/a>[\/vc_column_text][\/vc_column][vc_column width=\u00bb1\/4&#8243;][vc_column_text css=\u00bb.vc_custom_1733331801388{margin-bottom: 20px !important;}\u00bb]<a href=\"http:\/\/www.conauto.com.ec\/wp-content\/uploads\/2022\/02\/CATALOGO-LUBRICANTES%20-MOTOREX.pdf\" class=\"pdfemb-viewer\" style=\"\" data-width=\"max\" data-height=\"max\" data-toolbar=\"bottom\" data-toolbar-fixed=\"off\">CATALOGO-LUBRICANTES-MOTOREX<\/a><br \/>\n<a href=\"https:\/\/www.conauto.com.ec\/wp-content\/uploads\/2022\/02\/CATALOGO-LUBRICANTES -MOTOREX.pdf\" target=\"_blank\" rel=\"noopener\">Descargar cat\u00e1logo de Lubricantes Motorex para motores a gasolina y di\u00e9sel<\/a>[\/vc_column_text][\/vc_column][vc_column width=\u00bb1\/4&#8243;][\/vc_column][\/vc_row][vc_row top_margin=\u00bbpage-margin-top\u00bb css=\u00bb.vc_custom_1478640647111{padding-bottom: 40px !important;}\u00bb][vc_column]<h2 class=\" box-header\">Neum\u00e1ticos<\/h2>[\/vc_column][\/vc_row][vc_row css=\u00bb.vc_custom_1643899247082{padding-bottom: 40px !important;}\u00bb][vc_column width=\u00bb1\/4&#8243;][vc_column_text css=\u00bb.vc_custom_1744234229887{margin-bottom: 20px !important;}\u00bb]<a href=\"http:\/\/www.conauto.com.ec\/wp-content\/uploads\/2025\/04\/CATALOGO%20LLANTAS%202025FINAL7AB.pdf\" class=\"pdfemb-viewer\" style=\"\" data-width=\"max\" data-height=\"max\" data-toolbar=\"bottom\" data-toolbar-fixed=\"off\">CATALOGO-Llantas-Pesados<\/a><br \/>\n<a href=\"https:\/\/www.conauto.com.ec\/wp-content\/uploads\/2025\/04\/CATALOGO%20LLANTAS%202025FINAL7AB.pdf\" target=\"_blank\" rel=\"noopener\">Descargar cat\u00e1logo de llantas para camiones y buses<\/a>[\/vc_column_text][\/vc_column][vc_column width=\u00bb1\/4&#8243;][vc_column_text css=\u00bb.vc_custom_1710258865804{margin-bottom: 20px !important;}\u00bb]<a href=\"http:\/\/www.conauto.com.ec\/wp-content\/uploads\/2022\/02\/CATALOGO-COOPER.pdf\" class=\"pdfemb-viewer\" style=\"\" data-width=\"max\" data-height=\"max\" data-toolbar=\"bottom\" data-toolbar-fixed=\"off\">CATALOGO-COOPER<\/a><br \/>\n<a href=\"https:\/\/www.conauto.com.ec\/wp-content\/uploads\/2022\/02\/CATALOGO-COOPER.pdf\" target=\"_blank\" rel=\"noopener\">Descargar cat\u00e1logo de llantas Cooper para veh\u00edculos livianos<\/a>[\/vc_column_text][\/vc_column][vc_column width=\u00bb1\/4&#8243;][vc_column_text css=\u00bb.vc_custom_1710258894830{margin-bottom: 20px !important;}\u00bb]<a href=\"http:\/\/www.conauto.com.ec\/wp-content\/uploads\/2022\/02\/CATALOGO-CAMSO-OTR.pdf\" class=\"pdfemb-viewer\" style=\"\" data-width=\"max\" data-height=\"max\" data-toolbar=\"bottom\" data-toolbar-fixed=\"off\">CATALOGO-CAMSO-OTR<\/a><br \/>\n<a href=\"https:\/\/www.conauto.com.ec\/wp-content\/uploads\/2022\/02\/CATALOGO-CAMSO-OTR.pdf\" target=\"_blank\" rel=\"noopener\">Descargar cat\u00e1logo de llantas OTR CAMSO<\/a>[\/vc_column_text][\/vc_column][vc_column width=\u00bb1\/4&#8243;][vc_column_text css=\u00bb.vc_custom_1710258964669{margin-bottom: 20px !important;}\u00bb]<a href=\"http:\/\/www.conauto.com.ec\/wp-content\/uploads\/2022\/02\/CATALOGO-CAMSO-MONTACARGAS.pdf\" class=\"pdfemb-viewer\" style=\"\" data-width=\"max\" data-height=\"max\" data-toolbar=\"bottom\" data-toolbar-fixed=\"off\">CATALOGO-CAMSO<\/a><br \/>\n<a href=\"https:\/\/www.conauto.com.ec\/wp-content\/uploads\/2022\/02\/CATALOGO-CAMSO-OTR.pdf\" target=\"_blank\" rel=\"noopener\">Descargar cat\u00e1logo de llantas industriales CAMSO<\/a>[\/vc_column_text][\/vc_column][\/vc_row][vc_row css=\u00bb.vc_custom_1643899247082{padding-bottom: 40px !important;}\u00bb][vc_column width=\u00bb1\/4&#8243;][vc_column_text css=\u00bb.vc_custom_1710259498987{margin-bottom: 20px !important;}\u00bb]<a href=\"http:\/\/www.conauto.com.ec\/wp-content\/uploads\/2022\/02\/CATALOGO-VIKRANT-TBR.pdf\" class=\"pdfemb-viewer\" style=\"\" data-width=\"max\" data-height=\"max\" data-toolbar=\"bottom\" data-toolbar-fixed=\"off\">CATALOGO-VIKRANT-TBR<\/a><br \/>\n<a href=\"https:\/\/www.conauto.com.ec\/wp-content\/uploads\/2022\/02\/CATALOGO-VIKRANT-TBR.pdf\" target=\"_blank\" rel=\"noopener\">Descargar cat\u00e1logo de llantas Vikrant para furgonetas y camiones ligeros<\/a>[\/vc_column_text][\/vc_column][vc_column width=\u00bb1\/4&#8243;][vc_column_text css=\u00bb.vc_custom_1710260218297{margin-bottom: 20px !important;}\u00bb]<a href=\"http:\/\/www.conauto.com.ec\/wp-content\/uploads\/2022\/02\/CATALOGO-POWERTRAC-TBR.pdf\" class=\"pdfemb-viewer\" style=\"\" data-width=\"max\" data-height=\"max\" data-toolbar=\"bottom\" data-toolbar-fixed=\"off\">CATALOGO-POWERTRAC-TBR<\/a><br \/>\n<a href=\"https:\/\/www.conauto.com.ec\/wp-content\/uploads\/2022\/02\/CATALOGO-POWERTRAC-TBR.pdf\" target=\"_blank\" rel=\"noopener\">Descargar cat\u00e1logo de llantas Powertrac para veh\u00edculos pesados<\/a>[\/vc_column_text][\/vc_column][vc_column width=\u00bb1\/4&#8243;][vc_column_text css=\u00bb.vc_custom_1710260255473{margin-bottom: 20px !important;}\u00bb]<a href=\"http:\/\/www.conauto.com.ec\/wp-content\/uploads\/2022\/02\/CATALOGO-POWERTRAC-PCR.pdf\" class=\"pdfemb-viewer\" style=\"\" data-width=\"max\" data-height=\"max\" data-toolbar=\"bottom\" data-toolbar-fixed=\"off\">CATALOGO-POWERTRAC-PCR<\/a><br \/>\n<a href=\"https:\/\/www.conauto.com.ec\/wp-content\/uploads\/2022\/02\/CATALOGO-POWERTRAC-PCR.pdf\" target=\"_blank\" rel=\"noopener\">Descargar cat\u00e1logo de llantas Powertrac para veh\u00edculos livianos<\/a>[\/vc_column_text][\/vc_column][vc_column width=\u00bb1\/4&#8243;][vc_column_text css=\u00bb\u00bb]<a href=\"http:\/\/www.conauto.com.ec\/wp-content\/uploads\/2025\/04\/CATALOGO-LLANTAS-2025.pdf\" class=\"pdfemb-viewer\" style=\"\" data-width=\"max\" data-height=\"max\" data-toolbar=\"bottom\" data-toolbar-fixed=\"off\">CATALOGO-LLANTAS-2025<\/a><br \/>\n<a href=\"https:\/\/www.conauto.com.ec\/wp-content\/uploads\/2025\/04\/CATALOGO-LLANTAS-2025.pdf\" target=\"_blank\" rel=\"noopener\">Descargar cat\u00e1logo de llantas express<\/a>[\/vc_column_text][\/vc_column][\/vc_row][vc_row top_margin=\u00bbpage-margin-top\u00bb css=\u00bb.vc_custom_1478640647111{padding-bottom: 40px !important;}\u00bb][vc_column]<h2 class=\" box-header\">Varios consumo<\/h2>[\/vc_column][\/vc_row][vc_row css=\u00bb.vc_custom_1643899247082{padding-bottom: 40px !important;}\u00bb][vc_column width=\u00bb1\/4&#8243;][vc_column_text css=\u00bb.vc_custom_1710367650743{margin-bottom: 20px !important;}\u00bb]<a href=\"http:\/\/www.conauto.com.ec\/wp-content\/uploads\/2022\/02\/CATALOGO-ADIT-REFRG.pdf\" class=\"pdfemb-viewer\" style=\"\" data-width=\"max\" data-height=\"max\" data-toolbar=\"bottom\" data-toolbar-fixed=\"off\">CATALOGO-ADIT-REFRG<\/a><br \/>\n<a href=\"https:\/\/www.conauto.com.ec\/wp-content\/uploads\/2022\/02\/CATALOGO-ADIT-REFRG.pdf\" target=\"_blank\" rel=\"noopener\">Descargar cat\u00e1logo de productos automotrices Motorex y Walker<\/a>[\/vc_column_text][\/vc_column][vc_column width=\u00bb1\/4&#8243;][vc_column_text css=\u00bb.vc_custom_1710367710010{margin-bottom: 20px !important;}\u00bb]<a href=\"http:\/\/www.conauto.com.ec\/wp-content\/uploads\/2022\/02\/CATALOGO-FICHAS-DESENGRASANTES-DESINFECTANTES.pdf\" class=\"pdfemb-viewer\" style=\"\" data-width=\"max\" data-height=\"max\" data-toolbar=\"bottom\" data-toolbar-fixed=\"off\">CATALOGO-FICHAS-DESENGRASANTES-DESINFECTANTES<\/a><br \/>\n<a href=\"https:\/\/www.conauto.com.ec\/wp-content\/uploads\/2022\/02\/CATALOGO-FICHAS-DESENGRASANTES-DESINFECTANTES.pdf\" target=\"_blank\" rel=\"noopener\">Descargar cat\u00e1logo de productos de desinfecci\u00f3n y limpieza Walker<\/a>[\/vc_column_text][\/vc_column][vc_column width=\u00bb1\/4&#8243;][vc_column_text css=\u00bb.vc_custom_1710367737218{margin-bottom: 20px !important;}\u00bb]<a href=\"http:\/\/www.conauto.com.ec\/wp-content\/uploads\/2022\/02\/CATALOGO-FILTROS-MPF-DIGITAL.pdf\" class=\"pdfemb-viewer\" style=\"\" data-width=\"max\" data-height=\"max\" data-toolbar=\"bottom\" data-toolbar-fixed=\"off\">CATALOGO-FILTROS-MPF-DIGITAL<\/a><br \/>\n<a href=\"https:\/\/www.conauto.com.ec\/wp-content\/uploads\/2022\/02\/CATALOGO-FILTROS-MPF-DIGITAL.pdf\" target=\"_blank\" rel=\"noopener\">Descargar cat\u00e1logo de filtros para veh\u00edculos livianos y pesados<\/a>[\/vc_column_text][\/vc_column][vc_column width=\u00bb1\/4&#8243;][vc_column_text css=\u00bb.vc_custom_1751297356767{margin-bottom: 20px !important;}\u00bb]<a href=\"http:\/\/www.conauto.com.ec\/wp-content\/uploads\/2022\/02\/CATALOGO-BATERIAS-2021-B.pdf\" class=\"pdfemb-viewer\" style=\"\" data-width=\"max\" data-height=\"max\" data-toolbar=\"bottom\" data-toolbar-fixed=\"off\">CATALOGO-BATERIAS-2021-B<\/a><br \/>\n<a href=\"https:\/\/www.conauto.com.ec\/wp-content\/uploads\/2022\/02\/CATALOGO-BATERIAS-2021-B.pdf\" target=\"_blank\" rel=\"noopener\">Descargar cat\u00e1logo de bater\u00edas Motorex<\/a>[\/vc_column_text][\/vc_column][\/vc_row][vc_row css=\u00bb.vc_custom_1643899247082{padding-bottom: 40px !important;}\u00bb][vc_column width=\u00bb1\/4&#8243;][vc_column_text css=\u00bb.vc_custom_1710367849632{margin-bottom: 20px !important;}\u00bb]<a href=\"http:\/\/www.conauto.com.ec\/wp-content\/uploads\/2022\/04\/CATALOGO_BUJIAS.pdf\" class=\"pdfemb-viewer\" style=\"\" data-width=\"max\" data-height=\"max\" data-toolbar=\"bottom\" data-toolbar-fixed=\"off\">CATALOGO_BUJIAS<\/a><br \/>\n<a href=\"https:\/\/www.conauto.com.ec\/wp-content\/uploads\/2022\/04\/CATALOGO_BUJIAS.pdf\" target=\"_blank\" rel=\"noopener\">Descargar cat\u00e1logo de buj\u00edas Motorex<\/a>[\/vc_column_text][\/vc_column][vc_column width=\u00bb1\/4&#8243;][\/vc_column][vc_column width=\u00bb1\/4&#8243;][\/vc_column][vc_column width=\u00bb1\/4&#8243;][\/vc_column][\/vc_row][vc_row top_margin=\u00bbpage-margin-top\u00bb css=\u00bb.vc_custom_1478640647111{padding-bottom: 40px !important;}\u00bb][vc_column]<h2 class=\" box-header\">Varios equipos<\/h2>[\/vc_column][\/vc_row][vc_row css=\u00bb.vc_custom_1643899247082{padding-bottom: 40px !important;}\u00bb][vc_column width=\u00bb1\/4&#8243;][vc_column_text css=\u00bb.vc_custom_1710367879526{margin-bottom: 20px !important;}\u00bb]<a href=\"http:\/\/www.conauto.com.ec\/wp-content\/uploads\/2022\/02\/CATALOGO-ARO-ETIQUETA-ROJA.pdf\" class=\"pdfemb-viewer\" style=\"\" data-width=\"max\" data-height=\"max\" data-toolbar=\"bottom\" data-toolbar-fixed=\"off\">CATALOGO-ARO-ETIQUETA-ROJA<\/a><br \/>\n<a href=\"https:\/\/www.conauto.com.ec\/wp-content\/uploads\/2022\/02\/CATALOGO-ARO-ETIQUETA-ROJA.pdf\" target=\"_blank\" rel=\"noopener\">Descargar cat\u00e1logo de bombas IR ARO<\/a>[\/vc_column_text][\/vc_column][vc_column width=\u00bb1\/4&#8243;][vc_column_text css=\u00bb.vc_custom_1710367924089{margin-bottom: 20px !important;}\u00bb]<a href=\"http:\/\/www.conauto.com.ec\/wp-content\/uploads\/2022\/02\/CATALOGO-BAOLI.pdf\" class=\"pdfemb-viewer\" style=\"\" data-width=\"max\" data-height=\"max\" data-toolbar=\"bottom\" data-toolbar-fixed=\"off\">CATALOGO-BAOLI<\/a><br \/>\n<a href=\"https:\/\/www.conauto.com.ec\/wp-content\/uploads\/2022\/02\/CATALOGO-BAOLI.pdf\" target=\"_blank\" rel=\"noopener\">Descargar cat\u00e1logo de montacargas Baoli<\/a>[\/vc_column_text][\/vc_column][vc_column width=\u00bb1\/4&#8243;][vc_column_text css=\u00bb.vc_custom_1710367949246{margin-bottom: 20px !important;}\u00bb]<a href=\"http:\/\/www.conauto.com.ec\/wp-content\/uploads\/2022\/02\/CATALOGO-DEPCO.pdf\" class=\"pdfemb-viewer\" style=\"\" data-width=\"max\" data-height=\"max\" data-toolbar=\"bottom\" data-toolbar-fixed=\"off\">CATALOGO-DEPCO<\/a><br \/>\n<a href=\"https:\/\/www.conauto.com.ec\/wp-content\/uploads\/2022\/02\/CATALOGO-DEPCO.pdf\" target=\"_blank\" rel=\"noopener\">Descargar cat\u00e1logo de generadores el\u00e9ctricos y torres de iluminaci\u00f3n DEPCO<\/a>[\/vc_column_text][\/vc_column][vc_column width=\u00bb1\/4&#8243;][vc_column_text css=\u00bb.vc_custom_1710368036873{margin-bottom: 20px !important;}\u00bb]<a href=\"http:\/\/www.conauto.com.ec\/wp-content\/uploads\/2022\/07\/NUEVO-CATALOGO-DEWALT-JUNIO-2022.pdf\" class=\"pdfemb-viewer\" style=\"\" data-width=\"max\" data-height=\"max\" data-toolbar=\"bottom\" data-toolbar-fixed=\"off\">NUEVO-CATALOGO-DEWALT-JUNIO-2022<\/a><br \/>\n<a href=\"https:\/\/www.conauto.com.ec\/wp-content\/uploads\/2022\/07\/NUEVO-CATALOGO-DEWALT-JUNIO-2022.pdf\" target=\"_blank\" rel=\"noopener\">Descargar cat\u00e1logo de equipos DEWALT<\/a>[\/vc_column_text][\/vc_column][\/vc_row][vc_row css=\u00bb.vc_custom_1643899247082{padding-bottom: 40px !important;}\u00bb][vc_column width=\u00bb1\/4&#8243;][vc_column_text css=\u00bb.vc_custom_1710368069883{margin-bottom: 20px !important;}\u00bb]<a href=\"http:\/\/www.conauto.com.ec\/wp-content\/uploads\/2022\/02\/CATALOGO-WALKER.pdf\" class=\"pdfemb-viewer\" style=\"\" data-width=\"max\" data-height=\"max\" data-toolbar=\"bottom\" data-toolbar-fixed=\"off\">CATALOGO-WALKER<\/a><br \/>\n<a href=\"https:\/\/www.conauto.com.ec\/wp-content\/uploads\/2022\/02\/CATALOGO-WALKER.pdf\" target=\"_blank\" rel=\"noopener\">Descargar cat\u00e1logo de equipos para tecnicentro Walker<\/a>[\/vc_column_text][\/vc_column][vc_column width=\u00bb1\/4&#8243;][vc_column_text css=\u00bb.vc_custom_1710368100642{margin-bottom: 20px !important;}\u00bb]<a href=\"http:\/\/www.conauto.com.ec\/wp-content\/uploads\/2022\/02\/CATALOGO-GRINDEX.pdf\" class=\"pdfemb-viewer\" style=\"\" data-width=\"max\" data-height=\"max\" data-toolbar=\"bottom\" data-toolbar-fixed=\"off\">CATALOGO-GRINDEX<\/a><br \/>\n<a href=\"https:\/\/www.conauto.com.ec\/wp-content\/uploads\/2022\/02\/CATALOGO-GRINDEX.pdf\" target=\"_blank\" rel=\"noopener\">Descargar cat\u00e1logo de bombas Grindex<\/a>[\/vc_column_text][\/vc_column][vc_column width=\u00bb1\/4&#8243;][vc_column_text css=\u00bb.vc_custom_1710368191135{margin-bottom: 20px !important;}\u00bb]<a href=\"http:\/\/www.conauto.com.ec\/wp-content\/uploads\/2022\/02\/CATALOGO-JONNESWAY.pdf\" class=\"pdfemb-viewer\" style=\"\" data-width=\"max\" data-height=\"max\" data-toolbar=\"bottom\" data-toolbar-fixed=\"off\">CATALOGO-JONNESWAY<\/a><br \/>\n<a href=\"https:\/\/www.conauto.com.ec\/wp-content\/uploads\/2022\/02\/CATALOGO-JONNESWAY.pdf\" target=\"_blank\" rel=\"noopener\">Descargar cat\u00e1logo de herramientas Jonnesway<\/a>[\/vc_column_text][\/vc_column][vc_column width=\u00bb1\/4&#8243;][vc_column_text css=\u00bb.vc_custom_1710368233085{margin-bottom: 20px !important;}\u00bb]<a href=\"http:\/\/www.conauto.com.ec\/wp-content\/uploads\/2022\/02\/CATALOGO-LAVOR.pdf\" class=\"pdfemb-viewer\" style=\"\" data-width=\"max\" data-height=\"max\" data-toolbar=\"bottom\" data-toolbar-fixed=\"off\">CATALOGO-LAVOR<\/a><br \/>\n<a href=\"https:\/\/www.conauto.com.ec\/wp-content\/uploads\/2022\/02\/CATALOGO-LAVOR.pdf\" target=\"_blank\" rel=\"noopener\">Descargar cat\u00e1logo de productos de limpieza, desinfecci\u00f3n y sanitizaci\u00f3n Lavor<\/a>[\/vc_column_text][\/vc_column][\/vc_row][vc_row css=\u00bb.vc_custom_1643899247082{padding-bottom: 40px !important;}\u00bb][vc_column width=\u00bb1\/4&#8243;][vc_column_text css=\u00bb.vc_custom_1710368285265{margin-bottom: 20px !important;}\u00bb]<a href=\"http:\/\/www.conauto.com.ec\/wp-content\/uploads\/2022\/02\/CATALOGO-LINCOLN.pdf\" class=\"pdfemb-viewer\" style=\"\" data-width=\"max\" data-height=\"max\" data-toolbar=\"bottom\" data-toolbar-fixed=\"off\">CATALOGO-LINCOLN<\/a><br \/>\n<a href=\"https:\/\/www.conauto.com.ec\/wp-content\/uploads\/2022\/02\/CATALOGO-LINCOLN.pdf\" target=\"_blank\" rel=\"noopener\">Descargar cat\u00e1logo de m\u00e1quinas de soldar Lincoln Electric<\/a>[\/vc_column_text][\/vc_column][vc_column width=\u00bb1\/4&#8243;][vc_column_text css=\u00bb.vc_custom_1710368323694{margin-bottom: 20px !important;}\u00bb]<a href=\"http:\/\/www.conauto.com.ec\/wp-content\/uploads\/2022\/02\/CATALOGO-MPMC.pdf\" class=\"pdfemb-viewer\" style=\"\" data-width=\"max\" data-height=\"max\" data-toolbar=\"bottom\" data-toolbar-fixed=\"off\">CATALOGO-MPMC<\/a><br \/>\n<a href=\"https:\/\/www.conauto.com.ec\/wp-content\/uploads\/2022\/02\/CATALOGO-MPMC.pdf\" target=\"_blank\" rel=\"noopener\">Descargar cat\u00e1logo de generadores el\u00e9ctricos MPMC<\/a>[\/vc_column_text][\/vc_column][vc_column width=\u00bb1\/4&#8243;][vc_column_text css=\u00bb.vc_custom_1710368398083{margin-bottom: 20px !important;}\u00bb]<a href=\"http:\/\/www.conauto.com.ec\/wp-content\/uploads\/2022\/02\/CATALOGO-FERVE.pdf\" class=\"pdfemb-viewer\" style=\"\" data-width=\"max\" data-height=\"max\" data-toolbar=\"bottom\" data-toolbar-fixed=\"off\">CATALOGO-FERVE<\/a><br \/>\n<a href=\"https:\/\/www.conauto.com.ec\/wp-content\/uploads\/2022\/02\/CATALOGO-MPMC.pdf\" target=\"_blank\" rel=\"noopener\">Descargar cat\u00e1logo de productos FERVE<\/a>[\/vc_column_text][\/vc_column][vc_column width=\u00bb1\/4&#8243;][\/vc_column][\/vc_row]<\/p>\n<\/div>","protected":false},"excerpt":{"rendered":"<p>[vc_row type=\u00bbfull-width\u00bb css=\u00bb.vc_custom_1643930942905{background-image: url(https:\/\/www.conauto.com.ec\/wp-content\/uploads\/2022\/02\/bg-header-catalogos.jpg?id=24084) !important;background-position: center !important;background-repeat: no-repeat !important;background-size: cover !important;}\u00bb][vc_column][vc_single_image image=\u00bb24086&#8243; img_size=\u00bbfull\u00bb alignment=\u00bbcenter\u00bb][\/vc_column][\/vc_row][vc_row top_margin=\u00bbpage-margin-top\u00bb css=\u00bb.vc_custom_1478640647111{padding-bottom: 40px !important;}\u00bb][vc_column][\/vc_column][\/vc_row][vc_row css=\u00bb.vc_custom_1643899247082{padding-bottom: 40px !important;}\u00bb][vc_column width=\u00bb1\/4&#8243;][vc_empty_space][\/vc_column][vc_column width=\u00bb1\/4&#8243;][vc_column_text css=\u00bb.vc_custom_1710258681913{margin-bottom: 20px !important;}\u00bb] Descargar cat\u00e1logo de Lubricantes Havoline, Ursa y Chevron[\/vc_column_text][\/vc_column][vc_column width=\u00bb1\/4&#8243;][vc_column_text css=\u00bb.vc_custom_1733331801388{margin-bottom: 20px !important;}\u00bb] Descargar cat\u00e1logo de Lubricantes Motorex para motores a gasolina y di\u00e9sel[\/vc_column_text][\/vc_column][vc_column width=\u00bb1\/4&#8243;][\/vc_column][\/vc_row][vc_row top_margin=\u00bbpage-margin-top\u00bb css=\u00bb.vc_custom_1478640647111{padding-bottom: 40px !important;}\u00bb][vc_column][\/vc_column][\/vc_row][vc_row css=\u00bb.vc_custom_1643899247082{padding-bottom:<\/p>\n","protected":false},"author":1,"featured_media":0,"parent":0,"menu_order":0,"comment_status":"closed","ping_status":"closed","template":"template-default-without-breadcrumbs.php","meta":{"_monsterinsights_skip_tracking":false,"_monsterinsights_sitenote_active":false,"_monsterinsights_sitenote_note":"","_monsterinsights_sitenote_category":0,"footnotes":""},"class_list":["post-24000","page","type-page","status-publish","hentry"],"_links":{"self":[{"href":"http:\/\/www.conauto.com.ec\/index.php\/wp-json\/wp\/v2\/pages\/24000","targetHints":{"allow":["GET"]}}],"collection":[{"href":"http:\/\/www.conauto.com.ec\/index.php\/wp-json\/wp\/v2\/pages"}],"about":[{"href":"http:\/\/www.conauto.com.ec\/index.php\/wp-json\/wp\/v2\/types\/page"}],"author":[{"embeddable":true,"href":"http:\/\/www.conauto.com.ec\/index.php\/wp-json\/wp\/v2\/users\/1"}],"replies":[{"embeddable":true,"href":"http:\/\/www.conauto.com.ec\/index.php\/wp-json\/wp\/v2\/comments?post=24000"}],"version-history":[{"count":53,"href":"http:\/\/www.conauto.com.ec\/index.php\/wp-json\/wp\/v2\/pages\/24000\/revisions"}],"predecessor-version":[{"id":25764,"href":"http:\/\/www.conauto.com.ec\/index.php\/wp-json\/wp\/v2\/pages\/24000\/revisions\/25764"}],"wp:attachment":[{"href":"http:\/\/www.conauto.com.ec\/index.php\/wp-json\/wp\/v2\/media?parent=24000"}],"curies":[{"name":"wp","href":"https:\/\/api.w.org\/{rel}","templated":true}]}}