{"id":23826,"date":"2021-03-22T15:25:44","date_gmt":"2021-03-22T20:25:44","guid":{"rendered":"http:\/\/www.conauto.com.ec\/?page_id=23826"},"modified":"2024-07-04T14:10:19","modified_gmt":"2024-07-04T19:10:19","slug":"catalogo-de-filtros","status":"publish","type":"page","link":"http:\/\/www.conauto.com.ec\/index.php\/catalogo-de-filtros\/","title":{"rendered":"Cat\u00e1logo de Filtros"},"content":{"rendered":"<div class=\"wpb-content-wrapper\"><p>[vc_row type=\u00bbfull-width\u00bb css=\u00bb.vc_custom_1616448921452{background: #ffffff url(https:\/\/www.conauto.com.ec\/wp-content\/uploads\/2021\/03\/header-catalogo-filtros.jpg?id=23837) !important;background-position: center !important;background-repeat: no-repeat !important;background-size: cover !important;}\u00bb][vc_column][vc_empty_space height=\u00bb408px\u00bb][\/vc_column][\/vc_row][vc_row top_margin=\u00bbpage-margin-top\u00bb css=\u00bb.vc_custom_1615928490380{margin-top: 24px !important;padding-bottom: 40px !important;}\u00bb][vc_column width=\u00bb2\/3&#8243;][vc_column_text el_class=\u00bbtxt-justified\u00bb css=\u00bb.vc_custom_1616444411327{border-right-width: 10px !important;}\u00bb]<strong>MPF MOTOREX POWER FILTERS<\/strong> cuenta con un portafolio completo de filtros de aceite, combustible, aire, y cabina para autom\u00f3viles y veh\u00edculos semi pesados.<\/p>\n<p>El filtro ha sido desarrollado para utilizarse con lubricantes que ofrezcan un intervalo de cambio de hasta 10.000 kil\u00f3metros en los motores a gasolina.<\/p>\n<p><strong>Baldwin<\/strong> es el l\u00edder de la industria en filtros para servicios pesados. Los ingenieros de <strong>Baldwin<\/strong> anticipan un aumento constante de la demanda de filtros que satisfacen, o exceden, las necesidades de los clientes del Mercado de Equipos Originales (OEM) y el mercado de repuestos.<\/p>\n<p>Este cat\u00e1logo esta realizado para que sea f\u00e1cil de consultar e identificar el producto. Se divide por marcas, modelos de veh\u00edculos y tipo de filtros. Proporciona informaci\u00f3n sobre los c\u00f3digos Motorex &#8211; Baldwin y los c\u00f3digos comerciales.<br \/>\n[\/vc_column_text][\/vc_column][vc_column width=\u00bb1\/3&#8243; css=\u00bb.vc_custom_1615928900543{padding-top: 24px !important;}\u00bb][vc_column_text]<a href=\"http:\/\/www.conauto.com.ec\/wp-content\/uploads\/2021\/03\/CATALOGO-FILTROS-LIVIANOS.pdf\" class=\"pdfemb-viewer\" style=\"\" data-width=\"max\" data-height=\"max\" data-toolbar=\"bottom\" data-toolbar-fixed=\"off\">CATALOGO-FILTROS-LIVIANOS<\/a><br \/>\n<a href=\"https:\/\/www.conauto.com.ec\/wp-content\/uploads\/2021\/03\/CATALOGO-FILTROS-LIVIANOS.pdf\" target=\"_blank\" rel=\"noopener\">Descargar cat\u00e1logo de filtros livianos<\/a>[\/vc_column_text][\/vc_column][\/vc_row]<\/p>\n<\/div>","protected":false},"excerpt":{"rendered":"<p>[vc_row type=\u00bbfull-width\u00bb css=\u00bb.vc_custom_1616448921452{background: #ffffff url(https:\/\/www.conauto.com.ec\/wp-content\/uploads\/2021\/03\/header-catalogo-filtros.jpg?id=23837) !important;background-position: center !important;background-repeat: no-repeat !important;background-size: cover !important;}\u00bb][vc_column][vc_empty_space height=\u00bb408px\u00bb][\/vc_column][\/vc_row][vc_row top_margin=\u00bbpage-margin-top\u00bb css=\u00bb.vc_custom_1615928490380{margin-top: 24px !important;padding-bottom: 40px !important;}\u00bb][vc_column width=\u00bb2\/3&#8243;][vc_column_text el_class=\u00bbtxt-justified\u00bb css=\u00bb.vc_custom_1616444411327{border-right-width: 10px !important;}\u00bb]MPF MOTOREX POWER FILTERS cuenta con un portafolio completo de filtros de aceite, combustible, aire, y cabina para autom\u00f3viles y veh\u00edculos semi pesados. El filtro ha sido desarrollado para utilizarse con lubricantes<\/p>\n","protected":false},"author":1,"featured_media":0,"parent":0,"menu_order":0,"comment_status":"closed","ping_status":"closed","template":"template-default-without-breadcrumbs.php","meta":{"_monsterinsights_skip_tracking":false,"_monsterinsights_sitenote_active":false,"_monsterinsights_sitenote_note":"","_monsterinsights_sitenote_category":0,"footnotes":""},"class_list":["post-23826","page","type-page","status-publish","hentry"],"_links":{"self":[{"href":"http:\/\/www.conauto.com.ec\/index.php\/wp-json\/wp\/v2\/pages\/23826","targetHints":{"allow":["GET"]}}],"collection":[{"href":"http:\/\/www.conauto.com.ec\/index.php\/wp-json\/wp\/v2\/pages"}],"about":[{"href":"http:\/\/www.conauto.com.ec\/index.php\/wp-json\/wp\/v2\/types\/page"}],"author":[{"embeddable":true,"href":"http:\/\/www.conauto.com.ec\/index.php\/wp-json\/wp\/v2\/users\/1"}],"replies":[{"embeddable":true,"href":"http:\/\/www.conauto.com.ec\/index.php\/wp-json\/wp\/v2\/comments?post=23826"}],"version-history":[{"count":8,"href":"http:\/\/www.conauto.com.ec\/index.php\/wp-json\/wp\/v2\/pages\/23826\/revisions"}],"predecessor-version":[{"id":23832,"href":"http:\/\/www.conauto.com.ec\/index.php\/wp-json\/wp\/v2\/pages\/23826\/revisions\/23832"}],"wp:attachment":[{"href":"http:\/\/www.conauto.com.ec\/index.php\/wp-json\/wp\/v2\/media?parent=23826"}],"curies":[{"name":"wp","href":"https:\/\/api.w.org\/{rel}","templated":true}]}}