{"id":23641,"date":"2021-03-01T15:48:03","date_gmt":"2021-03-01T20:48:03","guid":{"rendered":"http:\/\/www.conauto.com.ec\/?page_id=23641"},"modified":"2026-02-25T12:31:06","modified_gmt":"2026-02-25T17:31:06","slug":"pacto-global","status":"publish","type":"page","link":"http:\/\/www.conauto.com.ec\/index.php\/pacto-global\/","title":{"rendered":"Responsabilidad Social"},"content":{"rendered":"<div class=\"wpb-content-wrapper\"><p>[vc_row type=\u00bbfull-width\u00bb css=\u00bb.vc_custom_1614630667600{background-image: url(https:\/\/www.conauto.com.ec\/wp-content\/uploads\/2016\/05\/edificio_conauto_parallax_2.jpg?id=1250) !important;background-position: center !important;background-repeat: no-repeat !important;background-size: cover !important;}\u00bb][vc_column][vc_empty_space height=\u00bb300px\u00bb][\/vc_column][\/vc_row][vc_row top_margin=\u00bbpage-margin-top-section\u00bb][vc_column][vc_column_text css=\u00bb\u00bb]Alineados a nuestra misi\u00f3n de ser una empresa socialmente responsable nos unimos al Pacto Global e incorporamos una gesti\u00f3n basada en el trabajo en equipo, comunicaci\u00f3n y apoyo mutuo, para garantizar el bienestar de nuestros clientes, proveedores, accionistas y todos quienes conformamos Conauto.<\/p>\n<p><strong>\u00bfQU\u00c9 ES PACTO GLOBAL?<\/strong><\/p>\n<p>&#8211; Es la iniciativa de Naciones Unidas, cuya finalidad es transformar el mercado global con iniciativas que construyan un mundo sostenible.<br \/>\n&#8211; Sus principios van relacionados con los derechos humanos, el trabajo, medio ambiente y la corrupci\u00f3n.<br \/>\n&#8211; En el a\u00f1o 2000 se establece el Pacto Global de Naciones Unidas.<br \/>\n&#8211; Surge en el a\u00f1o 1999 por Iniciativa del Secretario General de las Naciones Unidas, Kofi Annan.<\/p>\n<p>Como parte de nuestra inclusi\u00f3n, implementamos objetivos y acciones enfocados en:<\/p>\n<p><strong>DERECHOS HUMANOS<\/strong><\/p>\n<p>&#8211; Contrataci\u00f3n de pasantes universitarios.<br \/>\n&#8211; Programa de promoci\u00f3n de colaboradores.<br \/>\n&#8211; B\u00fasqueda interna de trabajo.<br \/>\n&#8211; Reconocimiento por a\u00f1os de servicios.<br \/>\n&#8211; Encuesta de riesgos psicosociales.<br \/>\n&#8211; Espacio Libre de expresi\u00f3n \u00abCompartiendo\u00bb.<br \/>\n&#8211; Capacitaci\u00f3n constante a la fuerza de ventas y clientes.<br \/>\n&#8211; Innovaci\u00f3n: Adquisici\u00f3n de la plataforma AutoGo para compras en l\u00ednea y TMS para seguimiento de los pedidos en l\u00ednea.<\/p>\n<p><strong>NORMAS LABORALES<\/strong><\/p>\n<p>&#8211; Campa\u00f1as de salud.<br \/>\n&#8211; Medidas de Bioseguridad ante el Covid-19.<br \/>\n&#8211; Transformaci\u00f3n digital como medio de comunicaci\u00f3n.<\/p>\n<p><strong>MEDIO AMBIENTE<\/strong><\/p>\n<p>&#8211; Reducci\u00f3n de gastos en servicios b\u00e1sicos y papeler\u00eda.<br \/>\n&#8211; Taller te\u00f3rico de elaboraci\u00f3n y manejo de huertos caseros.<br \/>\n&#8211; Proyecto Lepidoptario en el Jard\u00edn Bot\u00e1nico de Guayaquil.<br \/>\n&#8211; Aporte econ\u00f3mico y de insumos para la conservaci\u00f3n de especies en peligro de extinci\u00f3n.<br \/>\n&#8211; Alianzas estrat\u00e9gicas con las empresas Seginus (Reciclaje de neum\u00e1ticos), Apel-Recoil (Disposici\u00f3n de aceites usados).<\/p>\n<p><strong>ANTICORRUPCI\u00d3N<\/strong><\/p>\n<p>&#8211; Pol\u00edticas de anticorrupci\u00f3n, trabajo infantil, trabajo forzoso, sobornos, etc.<\/p>\n<p>Para revisar los reportes de los a\u00f1os 2019, 2020 y 2024, por favor presione los siguientes enlaces:<\/p>\n<ul>\n<li><a href=\"https:\/\/www.conauto.com.ec\/wp-content\/uploads\/2021\/03\/COMUNICACION-DE-PROGRESOS-2019-web.pdf\" target=\"_blank\" rel=\"noopener noreferrer\">Comunicaci\u00f3n de progresos &#8211; 2019<\/a><\/li>\n<li><a href=\"https:\/\/www.conauto.com.ec\/wp-content\/uploads\/2021\/03\/COMUNICACIO\u0301N-DE-PROGRESOS-2020-web.pdf\" target=\"_blank\" rel=\"noopener noreferrer\">Comunicaci\u00f3n de progresos &#8211; 2020<\/a><\/li>\n<li><a href=\"https:\/\/www.conauto.com.ec\/wp-content\/uploads\/2025\/05\/comunicacion-de-progresos-2024.pdf\" target=\"_blank\" rel=\"noopener\">Comunicaci\u00f3n de progresos &#8211; 2024<\/a><\/li>\n<li><a href=\"http:\/\/www.conauto.com.ec\/wp-content\/uploads\/2026\/02\/Comunicado-2025-Revisado.pdf\">Comunicaci\u00f3n de progresos &#8211; 2025<\/a><\/li>\n<\/ul>\n<p>[\/vc_column_text][\/vc_column][\/vc_row]<\/p>\n<\/div>","protected":false},"excerpt":{"rendered":"<p>[vc_row type=\u00bbfull-width\u00bb css=\u00bb.vc_custom_1614630667600{background-image: url(https:\/\/www.conauto.com.ec\/wp-content\/uploads\/2016\/05\/edificio_conauto_parallax_2.jpg?id=1250) !important;background-position: center !important;background-repeat: no-repeat !important;background-size: cover !important;}\u00bb][vc_column][vc_empty_space height=\u00bb300px\u00bb][\/vc_column][\/vc_row][vc_row top_margin=\u00bbpage-margin-top-section\u00bb][vc_column][vc_column_text css=\u00bb\u00bb]Alineados a nuestra misi\u00f3n de ser una empresa socialmente responsable nos unimos al Pacto Global e incorporamos una gesti\u00f3n basada en el trabajo en equipo, comunicaci\u00f3n y apoyo mutuo, para garantizar el bienestar de nuestros clientes, proveedores, accionistas y todos quienes conformamos<\/p>\n","protected":false},"author":1,"featured_media":0,"parent":0,"menu_order":0,"comment_status":"closed","ping_status":"closed","template":"","meta":{"_monsterinsights_skip_tracking":false,"_monsterinsights_sitenote_active":false,"_monsterinsights_sitenote_note":"","_monsterinsights_sitenote_category":0,"footnotes":""},"class_list":["post-23641","page","type-page","status-publish","hentry"],"_links":{"self":[{"href":"http:\/\/www.conauto.com.ec\/index.php\/wp-json\/wp\/v2\/pages\/23641","targetHints":{"allow":["GET"]}}],"collection":[{"href":"http:\/\/www.conauto.com.ec\/index.php\/wp-json\/wp\/v2\/pages"}],"about":[{"href":"http:\/\/www.conauto.com.ec\/index.php\/wp-json\/wp\/v2\/types\/page"}],"author":[{"embeddable":true,"href":"http:\/\/www.conauto.com.ec\/index.php\/wp-json\/wp\/v2\/users\/1"}],"replies":[{"embeddable":true,"href":"http:\/\/www.conauto.com.ec\/index.php\/wp-json\/wp\/v2\/comments?post=23641"}],"version-history":[{"count":12,"href":"http:\/\/www.conauto.com.ec\/index.php\/wp-json\/wp\/v2\/pages\/23641\/revisions"}],"predecessor-version":[{"id":26013,"href":"http:\/\/www.conauto.com.ec\/index.php\/wp-json\/wp\/v2\/pages\/23641\/revisions\/26013"}],"wp:attachment":[{"href":"http:\/\/www.conauto.com.ec\/index.php\/wp-json\/wp\/v2\/media?parent=23641"}],"curies":[{"name":"wp","href":"https:\/\/api.w.org\/{rel}","templated":true}]}}