{"id":203,"date":"2015-05-25T12:55:10","date_gmt":"2015-05-25T12:55:10","guid":{"rendered":"http:\/\/quanticalabs.com\/wptest\/carservice\/?page_id=203"},"modified":"2025-03-21T14:20:04","modified_gmt":"2025-03-21T19:20:04","slug":"quienes-somos","status":"publish","type":"page","link":"http:\/\/www.conauto.com.ec\/index.php\/quienes-somos\/","title":{"rendered":"QUI\u00c9NES SOMOS"},"content":{"rendered":"<div class=\"wpb-content-wrapper\"><p>[vc_row][vc_column]<h2 class=\" box-header margin-top-40\">Historia<\/h2>[vc_column_text el_class=\u00bbdescription align-center\u00bb]El origen de CONAUTO se remonta a 1865, en Guayaquil, cuando un empresario suizo inici\u00f3 un proyecto que con el tiempo se convertir\u00eda en una de las m\u00e1s importantes y pr\u00f3speras empresas del pa\u00eds: MAX MULLER Y C\u00cdA; pionera del gran comercio en Ecuador. Con capital ecuatoriano-suizo, se dedic\u00f3 a la importaci\u00f3n y distribuci\u00f3n de productos agro qu\u00edmicos, farmac\u00e9uticos, ferreter\u00edas y para el mantenimiento automotriz.<\/p>\n<p>Despu\u00e9s de m\u00e1s de 100 a\u00f1os de actividad comercial, en 1970, Max Muller, se liquid\u00f3 para dividirse en nuevas compa\u00f1\u00edas que manejar\u00edan por separado sus especialidades.[\/vc_column_text][vc_row_inner][vc_column_inner][vc_gallery interval=\u00bb5&#8243; images=\u00bb23481,17507,17504&#8243; img_size=\u00bbfull\u00bb onclick=\u00bb\u00bb el_class=\u00bbmargin-top-40&#8243;][\/vc_column_inner][\/vc_row_inner][\/vc_column][\/vc_row][vc_row type=\u00bbfull-width cs-parallax\u00bb css=\u00bb.vc_custom_1466714932357{background-image: url(https:\/\/www.conauto.com.ec\/wp-content\/uploads\/2016\/05\/edificio_conauto_parallax_2.jpg?id=1250) !important;}\u00bb el_class=\u00bbpadding-top-70 padding-bottom-66 text-normal\u00bb][vc_column][vc_row_inner][vc_column_inner]<div class=\"testimonials-container type-big\"><a href=\"#\" class=\"slider-control left template-arrow-left-1\"><\/a><ul class=\"testimonials-list autoplay-0 pause_on_hover-1 scroll-1 effect-scroll easing-easeInOutQuint duration-500\"><li>\r\n\t\t\t\t\t\r\n\t\t\t\t\t<p>MISION<br \/>\nComercializar productos y servicios automotrices e industriales de alta calidad a todos los sectores productivos y consumidores; estando en constante innovaci\u00f3n y buscando con responsabilidad social el crecimiento del negocio a trav\u00e9s de la excelencia.<\/p>\n<p>VISION<br \/>\nSer una empresa global reconocida como la n\u00famero 1 en ventas y rentabilidad en los mercados donde tenemos una posici\u00f3n consolidada.<\/p>\r\n\t\t\t\t\t\r\n\t\t\t\t\t\r\n\t\t\t\t\t\r\n\t\t\t\t\t\r\n\t\t\t\t\t\r\n\t\t\t\t<\/li><\/ul><a href=\"#\" class=\"slider-control right template-arrow-left-1\"><\/a><\/div>[\/vc_column_inner][\/vc_row_inner][\/vc_column][\/vc_row][vc_row top_margin=\u00bbpage-margin-top-section\u00bb el_class=\u00bbpadding-bottom-66&#8243;][vc_column]<h2 class=\" box-header\">Valores<\/h2>[vc_column_text css=\u00bb\u00bb el_class=\u00bbdescription align-center\u00bb]EXCELENCIA<\/p>\n<p>INNOVACI\u00d3N<\/p>\n<p>INTEGRIDAD<\/p>\n<p>PASI\u00d3N<\/p>\n<p>TRABAJO EN EQUIPO<\/p>\n<p>PRIMERO EL CLIENTE[\/vc_column_text][\/vc_column][\/vc_row][vc_row top_margin=\u00bbpage-margin-top-section\u00bb el_class=\u00bbpadding-bottom-66&#8243;][vc_column]<h2 class=\" box-header\">Pol\u00edticas de seguridad<\/h2>[vc_column_text el_class=\u00bbdescription align-center\u00bb]En CONAUTO C.A., somos una compa\u00f1\u00eda dedicada a la comercializaci\u00f3n de bienes y servicios en la l\u00ednea automotriz e industrial, creando satisfacci\u00f3n y valor, cumpliendo o excediendo las expectativas de nuestros clientes, empleados, accionistas y proveedores, enmarcado en nuestra misi\u00f3n y visi\u00f3n. Reconocemos el liderazgo como parte fundamental en el desempe\u00f1o y crecimiento de la organizaci\u00f3n y a esta Pol\u00edtica como la base para alcanzar nuestros objetivos, comprometidos en:<\/p>\n<p>Cumplir con las leyes ecuatorianas aplicables a nuestra operaci\u00f3n.<br \/>\nMantener un Sistema de Gesti\u00f3n de Seguridad basado en la mejora continua.<br \/>\nGarantizar operaciones y un ambiente de trabajo seguro y confiable para nuestros empleados, contratistas y el medio ambiente.<br \/>\nLa asignaci\u00f3n de recursos para el desarrollo de esta pol\u00edtica.[\/vc_column_text][\/vc_column][\/vc_row][vc_row top_margin=\u00bbpage-margin-top-section\u00bb el_class=\u00bbpadding-bottom-66&#8243;][vc_column]<h2 class=\" box-header\">Compromiso Ambiental<\/h2>[vc_single_image image=\u00bb24373&#8243; img_size=\u00bb\u00bb alignment=\u00bbcenter\u00bb css=\u00bb.vc_custom_1656452161386{margin-top: 20px !important;margin-bottom: 20px !important;}\u00bb][vc_column_text el_class=\u00bbdescription align-center\u00bb]La Asociaci\u00f3n Ecuatoriana de Lubricantes APEL, es una instituci\u00f3n sin fines de lucro que en la actualidad agremia a 21 empresas productoras, exportadoras e importadoras de aceites lubricantes a nivel nacional, que en su conjunto abastecen al 90% de la demanda nacional de lubricaci\u00f3n a nivel nacional entre sus diversos productos de lubricantes y grasas.<\/p>\n<p>Conoce m\u00e1s del trabajo conjunto entre APEL y CONAUTO C.A. <a href=\"https:\/\/www.conauto.com.ec\/index.php\/apel\/\">aqu\u00ed<\/a>.[\/vc_column_text][\/vc_column][\/vc_row][vc_row css=\u00bb.vc_custom_1674591448137{margin-bottom: 40px !important;}\u00bb][vc_column]<h2 class=\" box-header margin-top-40\">Nuestras bodegas<\/h2>[\/vc_column][\/vc_row][vc_row css=\u00bb.vc_custom_1476713593434{margin-bottom: 40px !important;}\u00bb][vc_column width=\u00bb1\/2&#8243;][vc_column_text el_class=\u00bbdescription align-center\u00bb]<\/p>\n<p style=\"text-align: left;\">Al sur de la ciudad, CONAUTO tiene una de las bodegas m\u00e1s grandes del pa\u00eds. All\u00ed se consolida y se almacena la mercader\u00eda nacional e importada para el suministro a la zona de la costa y a las sucursales.<\/p>\n<p>[\/vc_column_text][\/vc_column][vc_column width=\u00bb1\/2&#8243;][vc_column_text]<div id=\"wpfp_b55d74b1f0f4bc99a257a73d57589011\" data-item=\"{&quot;sources&quot;:[{&quot;src&quot;:&quot;https:\\\/\\\/www.youtube.com\\\/watch?v=lmAQRBNXy4s&quot;,&quot;type&quot;:&quot;video\\\/youtube&quot;}],&quot;id&quot;:&quot;1&quot;,&quot;splash&quot;:&quot;https:\\\/\\\/i.ytimg.com\\\/vi\\\/lmAQRBNXy4s\\\/maxresdefault.jpg#auto&quot;}\" class=\"flowplayer no-brand is-splash is-paused skin-slim no-svg fp-slim fp-edgy is-youtube\" data-fv-embed=\"http:\/\/www.conauto.com.ec\/index.php\/quienes-somos\/fvp-1\/\" style=\"position:relative; max-width: 720px; max-height: 480px; \" data-ratio=\"0.6667\" data-engine=\"fvyoutube\">\n\t<div class=\"fp-ratio\" style=\"padding-top: 66.67%\"><\/div>\n\t<img decoding=\"async\" class=\"fp-splash\" alt=\"video\" src=\"https:\/\/i.ytimg.com\/vi\/lmAQRBNXy4s\/maxresdefault.jpg#auto\" style=\"position:absolute;top:0;width:100%\" \/>\n\t<div class=\"fp-ui\"><noscript>Please enable JavaScript<\/noscript><div class=\"fp-play fp-visible\"><svg class=\"fp-play-sharp-fill\" xmlns=\"http:\/\/www.w3.org\/2000\/svg\" viewBox=\"0 0 100 100\"><defs><style>.fp-color-play{opacity:0.65;}.controlbutton{fill:#fff;}<\/style><\/defs><title>play-sharp-fill<\/title><path class=\"fp-color-play\" d=\"M49.9217-.078a50,50,0,1,0,50,50A50.0564,50.0564,0,0,0,49.9217-.078Z\"\/><polygon class=\"controlbutton\" points=\"73.601 50 37.968 70.573 37.968 29.427 73.601 50\" filter=\"url(#f1)\"\/><\/svg><\/div><div class=\"fp-preload\"><b><\/b><b><\/b><b><\/b><b><\/b><\/div><\/div>\n<div class='fvp-share-bar'><ul class=\"fvp-sharing\">\r\n    <li><a class=\"sharing-facebook\" href=\"https:\/\/www.facebook.com\/sharer\/sharer.php?u=http%3A%2F%2Fwww.conauto.com.ec%2Findex.php%2Fquienes-somos%2F\" target=\"_blank\"><\/a><\/li>\r\n    <li><a class=\"sharing-twitter\" href=\"https:\/\/twitter.com\/intent\/tweet?text=CONAUTO+&url=http%3A%2F%2Fwww.conauto.com.ec%2Findex.php%2Fquienes-somos%2F\" target=\"_blank\"><\/a><\/li>\r\n    <li><a class=\"sharing-email\" href=\"mailto:?body=Check%20out%20the%20amazing%20video%20here%3A%20http%3A%2F%2Fwww.conauto.com.ec%2Findex.php%2Fquienes-somos%2F\" target=\"_blank\"><\/a><\/li><\/ul><div><a class=\"sharing-link\" href=\"http:\/\/www.conauto.com.ec\/index.php\/quienes-somos\/\" target=\"_blank\">Link<\/a><\/div><div><label><a class=\"embed-code-toggle\" href=\"#\"><strong>Embed<\/strong><\/a><\/label><\/div><div class=\"embed-code\"><label>Copy and paste this HTML code into your webpage to embed.<\/label><textarea><\/textarea><\/div><\/div>\n<\/div>\n[\/vc_column_text][\/vc_column][\/vc_row]<\/p>\n<\/div>","protected":false},"excerpt":{"rendered":"<p>[vc_row][vc_column][vc_column_text el_class=\u00bbdescription align-center\u00bb]El origen de CONAUTO se remonta a 1865, en Guayaquil, cuando un empresario suizo inici\u00f3 un proyecto que con el tiempo se convertir\u00eda en una de las m\u00e1s importantes y pr\u00f3speras empresas del pa\u00eds: MAX MULLER Y C\u00cdA; pionera del gran comercio en Ecuador. Con capital ecuatoriano-suizo, se dedic\u00f3 a la importaci\u00f3n y<\/p>\n","protected":false},"author":1,"featured_media":0,"parent":0,"menu_order":0,"comment_status":"closed","ping_status":"open","template":"","meta":{"_monsterinsights_skip_tracking":false,"_monsterinsights_sitenote_active":false,"_monsterinsights_sitenote_note":"","_monsterinsights_sitenote_category":0,"footnotes":""},"class_list":["post-203","page","type-page","status-publish","hentry"],"_links":{"self":[{"href":"http:\/\/www.conauto.com.ec\/index.php\/wp-json\/wp\/v2\/pages\/203","targetHints":{"allow":["GET"]}}],"collection":[{"href":"http:\/\/www.conauto.com.ec\/index.php\/wp-json\/wp\/v2\/pages"}],"about":[{"href":"http:\/\/www.conauto.com.ec\/index.php\/wp-json\/wp\/v2\/types\/page"}],"author":[{"embeddable":true,"href":"http:\/\/www.conauto.com.ec\/index.php\/wp-json\/wp\/v2\/users\/1"}],"replies":[{"embeddable":true,"href":"http:\/\/www.conauto.com.ec\/index.php\/wp-json\/wp\/v2\/comments?post=203"}],"version-history":[{"count":87,"href":"http:\/\/www.conauto.com.ec\/index.php\/wp-json\/wp\/v2\/pages\/203\/revisions"}],"predecessor-version":[{"id":25437,"href":"http:\/\/www.conauto.com.ec\/index.php\/wp-json\/wp\/v2\/pages\/203\/revisions\/25437"}],"wp:attachment":[{"href":"http:\/\/www.conauto.com.ec\/index.php\/wp-json\/wp\/v2\/media?parent=203"}],"curies":[{"name":"wp","href":"https:\/\/api.w.org\/{rel}","templated":true}]}}