{"id":14944,"date":"2016-07-20T11:54:22","date_gmt":"2016-07-20T16:54:22","guid":{"rendered":"http:\/\/www.conauto.com.ec\/?page_id=14944"},"modified":"2025-07-28T11:10:27","modified_gmt":"2025-07-28T16:10:27","slug":"liquido-de-frenos","status":"publish","type":"page","link":"http:\/\/www.conauto.com.ec\/index.php\/liquido-de-frenos\/","title":{"rendered":"L\u00edquido de frenos"},"content":{"rendered":"<div class=\"wpb-content-wrapper\"><p>[vc_row type=\u00bbfull-width\u00bb css=\u00bb.vc_custom_1539197567891{background-color: #000000 !important;}\u00bb][vc_column][vc_single_image image=\u00bb22139&#8243; img_size=\u00bbfull\u00bb alignment=\u00bbcenter\u00bb css=\u00bb.vc_custom_1539268761642{background-color: #000000 !important;}\u00bb][\/vc_column][\/vc_row][vc_row top_margin=\u00bbpage-margin-top\u00bb css=\u00bb.vc_custom_1539200201995{padding-bottom: 50px !important;}\u00bb][vc_column][vc_row_inner][vc_column_inner width=\u00bb1\/2&#8243;][vc_column_text]El correcto funcionamiento del sistema de frenos es importante para tu seguridad mientras conduces. <strong>CONAUTO<\/strong> ofrece la l\u00ednea de productos Motorex en la clasificaci\u00f3n DOT-3 del US Department Of Transportation (DOT).<\/p>\n<p>La clasificaci\u00f3n se basa en el punto de ebullici\u00f3n y la viscosidad que define las propiedades del tipo DOT 3.[\/vc_column_text][\/vc_column_inner][vc_column_inner width=\u00bb1\/2&#8243; css=\u00bb.vc_custom_1539199566275{padding-right: 30px !important;padding-bottom: 30px !important;background-color: #ededed !important;}\u00bb][vc_column_text css=\u00bb.vc_custom_1539199576300{padding-left: 30px !important;}\u00bb]<\/p>\n<h4>Solicite m\u00e1s informaci\u00f3n<\/h4>\n<div class=\"wpcf7 no-js\" id=\"wpcf7-f22134-o1\" lang=\"es-ES\" dir=\"ltr\" data-wpcf7-id=\"22134\">\n<div class=\"screen-reader-response\"><p role=\"status\" aria-live=\"polite\" aria-atomic=\"true\"><\/p> <ul><\/ul><\/div>\n<form action=\"\/index.php\/wp-json\/wp\/v2\/pages\/14944#wpcf7-f22134-o1\" method=\"post\" class=\"wpcf7-form init\" aria-label=\"Formulario de contacto\" novalidate=\"novalidate\" data-status=\"init\">\n<fieldset class=\"hidden-fields-container\"><input type=\"hidden\" name=\"_wpcf7\" value=\"22134\" \/><input type=\"hidden\" name=\"_wpcf7_version\" value=\"6.1.5\" \/><input type=\"hidden\" name=\"_wpcf7_locale\" value=\"es_ES\" \/><input type=\"hidden\" name=\"_wpcf7_unit_tag\" value=\"wpcf7-f22134-o1\" \/><input type=\"hidden\" name=\"_wpcf7_container_post\" value=\"0\" \/><input type=\"hidden\" name=\"_wpcf7_posted_data_hash\" value=\"\" \/><input type=\"hidden\" name=\"_wpcf7dtx_version\" value=\"5.0.5\" \/><input type=\"hidden\" name=\"_wpcf7_recaptcha_response\" value=\"\" \/>\n<\/fieldset>\n<p><label>Nombre y Apellido<br \/>\n<span class=\"wpcf7-form-control-wrap\" data-name=\"nombre\"><input size=\"40\" maxlength=\"400\" class=\"wpcf7-form-control wpcf7-text wpcf7-validates-as-required\" aria-required=\"true\" aria-invalid=\"false\" value=\"\" type=\"text\" name=\"nombre\" \/><\/span><\/label>\n<\/p>\n<p><label>Correo electr\u00f3nico<br \/>\n<span class=\"wpcf7-form-control-wrap\" data-name=\"email\"><input size=\"40\" maxlength=\"400\" class=\"wpcf7-form-control wpcf7-email wpcf7-validates-as-required wpcf7-text wpcf7-validates-as-email\" aria-required=\"true\" aria-invalid=\"false\" value=\"\" type=\"email\" name=\"email\" \/><\/span><\/label>\n<\/p>\n<p><input class=\"wpcf7-form-control wpcf7-submit has-spinner\" type=\"submit\" value=\"Suscr\u00edbete\" \/>\n<\/p><p style=\"display: none !important;\" class=\"akismet-fields-container\" data-prefix=\"_wpcf7_ak_\"><label>&#916;<textarea name=\"_wpcf7_ak_hp_textarea\" cols=\"45\" rows=\"8\" maxlength=\"100\"><\/textarea><\/label><input type=\"hidden\" id=\"ak_js_1\" name=\"_wpcf7_ak_js\" value=\"116\"\/><script>document.getElementById( \"ak_js_1\" ).setAttribute( \"value\", ( new Date() ).getTime() );<\/script><\/p><div class=\"wpcf7-response-output\" aria-hidden=\"true\"><\/div>\n<\/form>\n<\/div>\n[\/vc_column_text][\/vc_column_inner][\/vc_row_inner][\/vc_column][\/vc_row][vc_row top_margin=\u00bbpage-margin-top\u00bb css=\u00bb.vc_custom_1539199612539{padding-bottom: 50px !important;}\u00bb][vc_column][vc_row_inner][vc_column_inner width=\u00bb1\/4&#8243;][vc_empty_space][\/vc_column_inner][vc_column_inner width=\u00bb1\/4&#8243;][vc_single_image image=\u00bb22135&#8243; alignment=\u00bbcenter\u00bb][\/vc_column_inner][vc_column_inner width=\u00bb1\/4&#8243;]<h4>Motorex Break Fluid DOT-3<\/h4>[vc_column_text]A\u00f1ade inhibidores de oxidaci\u00f3n y corrosi\u00f3n para maximizar los ciclos de vida, otros aditivos especiales y optimiza el rendimiento a alta temperatura.[\/vc_column_text][\/vc_column_inner][vc_column_inner width=\u00bb1\/4&#8243;][\/vc_column_inner][\/vc_row_inner][\/vc_column][\/vc_row]<\/p>\n<\/div>","protected":false},"excerpt":{"rendered":"<p>[vc_row type=\u00bbfull-width\u00bb css=\u00bb.vc_custom_1539197567891{background-color: #000000 !important;}\u00bb][vc_column][vc_single_image image=\u00bb22139&#8243; img_size=\u00bbfull\u00bb alignment=\u00bbcenter\u00bb css=\u00bb.vc_custom_1539268761642{background-color: #000000 !important;}\u00bb][\/vc_column][\/vc_row][vc_row top_margin=\u00bbpage-margin-top\u00bb css=\u00bb.vc_custom_1539200201995{padding-bottom: 50px !important;}\u00bb][vc_column][vc_row_inner][vc_column_inner width=\u00bb1\/2&#8243;][vc_column_text]El correcto funcionamiento del sistema de frenos es importante para tu seguridad mientras conduces. CONAUTO ofrece la l\u00ednea de productos Motorex en la clasificaci\u00f3n DOT-3 del US Department Of Transportation (DOT). La clasificaci\u00f3n se basa en el punto de ebullici\u00f3n<\/p>\n","protected":false},"author":3,"featured_media":0,"parent":0,"menu_order":0,"comment_status":"closed","ping_status":"closed","template":"template-default-without-breadcrumbs.php","meta":{"_monsterinsights_skip_tracking":false,"_monsterinsights_sitenote_active":false,"_monsterinsights_sitenote_note":"","_monsterinsights_sitenote_category":0,"footnotes":""},"class_list":["post-14944","page","type-page","status-publish","hentry"],"_links":{"self":[{"href":"http:\/\/www.conauto.com.ec\/index.php\/wp-json\/wp\/v2\/pages\/14944","targetHints":{"allow":["GET"]}}],"collection":[{"href":"http:\/\/www.conauto.com.ec\/index.php\/wp-json\/wp\/v2\/pages"}],"about":[{"href":"http:\/\/www.conauto.com.ec\/index.php\/wp-json\/wp\/v2\/types\/page"}],"author":[{"embeddable":true,"href":"http:\/\/www.conauto.com.ec\/index.php\/wp-json\/wp\/v2\/users\/3"}],"replies":[{"embeddable":true,"href":"http:\/\/www.conauto.com.ec\/index.php\/wp-json\/wp\/v2\/comments?post=14944"}],"version-history":[{"count":12,"href":"http:\/\/www.conauto.com.ec\/index.php\/wp-json\/wp\/v2\/pages\/14944\/revisions"}],"predecessor-version":[{"id":22159,"href":"http:\/\/www.conauto.com.ec\/index.php\/wp-json\/wp\/v2\/pages\/14944\/revisions\/22159"}],"wp:attachment":[{"href":"http:\/\/www.conauto.com.ec\/index.php\/wp-json\/wp\/v2\/media?parent=14944"}],"curies":[{"name":"wp","href":"https:\/\/api.w.org\/{rel}","templated":true}]}}