{"id":14910,"date":"2016-07-20T10:39:52","date_gmt":"2016-07-20T15:39:52","guid":{"rendered":"http:\/\/www.conauto.com.ec\/?page_id=14910"},"modified":"2019-05-28T09:42:25","modified_gmt":"2019-05-28T14:42:25","slug":"aditivos","status":"publish","type":"page","link":"http:\/\/www.conauto.com.ec\/index.php\/aditivos\/","title":{"rendered":"Aditivos"},"content":{"rendered":"<div class=\"wpb-content-wrapper\"><p>[vc_row type=\u00bbfull-width\u00bb css=\u00bb.vc_custom_1559054548372{background: #000000 url(https:\/\/www.conauto.com.ec\/wp-content\/uploads\/2019\/05\/header-motorex-aditivos.jpg?id=23003) !important;background-position: center !important;background-repeat: no-repeat !important;background-size: cover !important;}\u00bb][vc_column][vc_empty_space height=\u00bb254px\u00bb][\/vc_column][\/vc_row][vc_row top_margin=\u00bbpage-margin-top\u00bb][vc_column][vc_row_inner][vc_column_inner width=\u00bb1\/2&#8243;][vc_column_text]En <strong>CONAUTO<\/strong> contamos con una amplia gama de aditivos desarrollados bajo un alto est\u00e1ndar de calidad, para su uso en veh\u00edculos livianos, camionetas y SUV&#8217;s.<\/p>\n<p>El uso regular de los productos <strong>MOTOREX\u00ae<\/strong> como parte de un mantenimiento b\u00e1sico, ayudar\u00e1 a su veh\u00edculo a desarrollar mejor, prolongar el per\u00edodo de cambio de aceite y hacer m\u00e1s eficiente el uso del combustible.[\/vc_column_text][\/vc_column_inner][vc_column_inner width=\u00bb1\/2&#8243; css=\u00bb.vc_custom_1539183345243{padding-right: 30px !important;padding-bottom: 30px !important;background-color: #ededed !important;}\u00bb][vc_column_text css=\u00bb.vc_custom_1539183746852{padding-left: 30px !important;}\u00bb]<\/p>\n<h4>Solicite m\u00e1s informaci\u00f3n<\/h4>\n<div class=\"wpcf7 no-js\" id=\"wpcf7-f22124-o1\" lang=\"es-ES\" dir=\"ltr\" data-wpcf7-id=\"22124\">\n<div class=\"screen-reader-response\"><p role=\"status\" aria-live=\"polite\" aria-atomic=\"true\"><\/p> <ul><\/ul><\/div>\n<form action=\"\/index.php\/wp-json\/wp\/v2\/pages\/14910#wpcf7-f22124-o1\" method=\"post\" class=\"wpcf7-form init\" aria-label=\"Formulario de contacto\" novalidate=\"novalidate\" data-status=\"init\">\n<fieldset class=\"hidden-fields-container\"><input type=\"hidden\" name=\"_wpcf7\" value=\"22124\" \/><input type=\"hidden\" name=\"_wpcf7_version\" value=\"6.1.5\" \/><input type=\"hidden\" name=\"_wpcf7_locale\" value=\"es_ES\" \/><input type=\"hidden\" name=\"_wpcf7_unit_tag\" value=\"wpcf7-f22124-o1\" \/><input type=\"hidden\" name=\"_wpcf7_container_post\" value=\"0\" \/><input type=\"hidden\" name=\"_wpcf7_posted_data_hash\" value=\"\" \/><input type=\"hidden\" name=\"_wpcf7dtx_version\" value=\"5.0.5\" \/><input type=\"hidden\" name=\"_wpcf7_recaptcha_response\" value=\"\" \/>\n<\/fieldset>\n<p><label>Nombre y Apellido<br \/>\n<span class=\"wpcf7-form-control-wrap\" data-name=\"nombre\"><input size=\"40\" maxlength=\"400\" class=\"wpcf7-form-control wpcf7-text wpcf7-validates-as-required\" aria-required=\"true\" aria-invalid=\"false\" value=\"\" type=\"text\" name=\"nombre\" \/><\/span><\/label>\n<\/p>\n<p><label>Correo electr\u00f3nico<br \/>\n<span class=\"wpcf7-form-control-wrap\" data-name=\"email\"><input size=\"40\" maxlength=\"400\" class=\"wpcf7-form-control wpcf7-email wpcf7-validates-as-required wpcf7-text wpcf7-validates-as-email\" aria-required=\"true\" aria-invalid=\"false\" value=\"\" type=\"email\" name=\"email\" \/><\/span><\/label>\n<\/p>\n<p><input class=\"wpcf7-form-control wpcf7-submit has-spinner\" type=\"submit\" value=\"Suscr\u00edbete\" \/>\n<\/p><p style=\"display: none !important;\" class=\"akismet-fields-container\" data-prefix=\"_wpcf7_ak_\"><label>&#916;<textarea name=\"_wpcf7_ak_hp_textarea\" cols=\"45\" rows=\"8\" maxlength=\"100\"><\/textarea><\/label><input type=\"hidden\" id=\"ak_js_1\" name=\"_wpcf7_ak_js\" value=\"125\"\/><script>document.getElementById( \"ak_js_1\" ).setAttribute( \"value\", ( new Date() ).getTime() );<\/script><\/p><div class=\"wpcf7-response-output\" aria-hidden=\"true\"><\/div>\n<\/form>\n<\/div>\n[\/vc_column_text][\/vc_column_inner][\/vc_row_inner][\/vc_column][\/vc_row][vc_row top_margin=\u00bbpage-margin-top\u00bb][vc_column][vc_row_inner][vc_column_inner width=\u00bb1\/4&#8243;][vc_single_image image=\u00bb22125&#8243; alignment=\u00bbcenter\u00bb][\/vc_column_inner][vc_column_inner width=\u00bb1\/4&#8243;]<h4>Octane Booster<\/h4>[vc_column_text]Mejora el octanaje de su gasolina con o sin plomo. Limpia las v\u00e1lvulas del sistema y combate la corrosi\u00f3n en el tanque de gasolina.[\/vc_column_text][\/vc_column_inner][vc_column_inner width=\u00bb1\/4&#8243;][vc_single_image image=\u00bb22126&#8243;][\/vc_column_inner][vc_column_inner width=\u00bb1\/4&#8243;]<h4>Fuel Injector Cleaner<\/h4>[vc_column_text]Limpiador super concentrado de inyectores de gasolina. Limpia inyectores y carburadores obstruidos para mejorar su rendimiento y p\u00e9rdida de potencia. Reduce las emisiones del escape, protege contra el \u00f3xido y la corrosi\u00f3n.[\/vc_column_text][\/vc_column_inner][\/vc_row_inner][\/vc_column][\/vc_row][vc_row top_margin=\u00bbpage-margin-top\u00bb][vc_column][vc_row_inner][vc_column_inner width=\u00bb1\/4&#8243;][vc_single_image image=\u00bb22127&#8243; alignment=\u00bbcenter\u00bb][\/vc_column_inner][vc_column_inner width=\u00bb1\/4&#8243;]<h4>Diesel Treatment<\/h4>[vc_column_text]Tratamiento de diesel y limpiador de inyectores. Reduce los dep\u00f3sitos de carb\u00f3n, combate la solidificaci\u00f3n del combustible, mantiene los inyectores limpios, excelente separador del agua en diesel y adiciona lubricaci\u00f3n.[\/vc_column_text][\/vc_column_inner][vc_column_inner width=\u00bb1\/4&#8243;][vc_single_image image=\u00bb22128&#8243;][\/vc_column_inner][vc_column_inner width=\u00bb1\/4&#8243;]<h4>Smoke Treatment<\/h4>[vc_column_text]Tratamiento de humo formulado para proveer mayor lubricaci\u00f3n al motor de su veh\u00edculo. Reduce el exceso de humo, la fricci\u00f3n y el consumo de aceite.[\/vc_column_text][\/vc_column_inner][\/vc_row_inner][\/vc_column][\/vc_row][vc_row top_margin=\u00bbpage-margin-top\u00bb css=\u00bb.vc_custom_1539189331636{padding-bottom: 50px !important;}\u00bb][vc_column][vc_row_inner][vc_column_inner width=\u00bb1\/4&#8243;][vc_single_image image=\u00bb22129&#8243; alignment=\u00bbcenter\u00bb][\/vc_column_inner][vc_column_inner width=\u00bb1\/4&#8243;]<h4>Motor Oil Treatment<\/h4>[vc_column_text]Recomendado para usarlo en motores de autom\u00f3viles, embarcaciones, tractores, camiones, camionetas que requieran de un lubricante con rendimiento mejorado.[\/vc_column_text][\/vc_column_inner][vc_column_inner width=\u00bb1\/4&#8243;][vc_single_image image=\u00bb22130&#8243;][\/vc_column_inner][vc_column_inner width=\u00bb1\/4&#8243;]<h4>Agua destilada y activador de \u00e1cido<\/h4>[vc_column_text]El agua destilada es agua pura, 100% desmineralizada, que le permite el flujo de electrones que se almacena en las celdas de la bater\u00eda[\/vc_column_text][\/vc_column_inner][\/vc_row_inner][\/vc_column][\/vc_row]<\/p>\n<\/div>","protected":false},"excerpt":{"rendered":"<p>[vc_row type=\u00bbfull-width\u00bb css=\u00bb.vc_custom_1559054548372{background: #000000 url(https:\/\/www.conauto.com.ec\/wp-content\/uploads\/2019\/05\/header-motorex-aditivos.jpg?id=23003) !important;background-position: center !important;background-repeat: no-repeat !important;background-size: cover !important;}\u00bb][vc_column][vc_empty_space height=\u00bb254px\u00bb][\/vc_column][\/vc_row][vc_row top_margin=\u00bbpage-margin-top\u00bb][vc_column][vc_row_inner][vc_column_inner width=\u00bb1\/2&#8243;][vc_column_text]En CONAUTO contamos con una amplia gama de aditivos desarrollados bajo un alto est\u00e1ndar de calidad, para su uso en veh\u00edculos livianos, camionetas y SUV&#8217;s. El uso regular de los productos MOTOREX\u00ae como parte de un mantenimiento b\u00e1sico, ayudar\u00e1 a su<\/p>\n","protected":false},"author":3,"featured_media":0,"parent":0,"menu_order":0,"comment_status":"closed","ping_status":"closed","template":"template-default-without-breadcrumbs.php","meta":{"_monsterinsights_skip_tracking":false,"_monsterinsights_sitenote_active":false,"_monsterinsights_sitenote_note":"","_monsterinsights_sitenote_category":0,"footnotes":""},"class_list":["post-14910","page","type-page","status-publish","hentry"],"_links":{"self":[{"href":"http:\/\/www.conauto.com.ec\/index.php\/wp-json\/wp\/v2\/pages\/14910","targetHints":{"allow":["GET"]}}],"collection":[{"href":"http:\/\/www.conauto.com.ec\/index.php\/wp-json\/wp\/v2\/pages"}],"about":[{"href":"http:\/\/www.conauto.com.ec\/index.php\/wp-json\/wp\/v2\/types\/page"}],"author":[{"embeddable":true,"href":"http:\/\/www.conauto.com.ec\/index.php\/wp-json\/wp\/v2\/users\/3"}],"replies":[{"embeddable":true,"href":"http:\/\/www.conauto.com.ec\/index.php\/wp-json\/wp\/v2\/comments?post=14910"}],"version-history":[{"count":34,"href":"http:\/\/www.conauto.com.ec\/index.php\/wp-json\/wp\/v2\/pages\/14910\/revisions"}],"predecessor-version":[{"id":23004,"href":"http:\/\/www.conauto.com.ec\/index.php\/wp-json\/wp\/v2\/pages\/14910\/revisions\/23004"}],"wp:attachment":[{"href":"http:\/\/www.conauto.com.ec\/index.php\/wp-json\/wp\/v2\/media?parent=14910"}],"curies":[{"name":"wp","href":"https:\/\/api.w.org\/{rel}","templated":true}]}}