{"id":14791,"date":"2016-07-18T16:46:12","date_gmt":"2016-07-18T21:46:12","guid":{"rendered":"http:\/\/www.conauto.com.ec\/?page_id=14791"},"modified":"2022-02-03T09:34:55","modified_gmt":"2022-02-03T14:34:55","slug":"filtros","status":"publish","type":"page","link":"http:\/\/www.conauto.com.ec\/index.php\/filtros\/","title":{"rendered":"Filtros"},"content":{"rendered":"<div class=\"wpb-content-wrapper\"><p>[vc_row type=\u00bbfull-width\u00bb css=\u00bb.vc_custom_1559060295157{background-image: url(https:\/\/www.conauto.com.ec\/wp-content\/uploads\/2019\/05\/header-baldwin.jpg?id=23008) !important;background-position: center !important;background-repeat: no-repeat !important;background-size: cover !important;}\u00bb][vc_column][vc_empty_space height=\u00bb254px\u00bb][\/vc_column][\/vc_row][vc_row][vc_column][vc_row_inner][vc_column_inner][vc_column_text el_class=\u00bbtxt-justified \u00ab]<strong>Construcci\u00f3n exigente para aplicaciones exigentes.<\/strong><\/p>\n<p>La calidad es la m\u00e1xima prioridad de <strong>BALDWIN FILTERS<\/strong>, compa\u00f1\u00eda con m\u00e1s de 75 a\u00f1os en el mercado mundial y que pertenece al grupo <strong>CLARCOR<\/strong>, especializado en filtraci\u00f3n.<\/p>\n<p>Desde el dise\u00f1o, fabricaci\u00f3n, distribuci\u00f3n, calidad continua, investigaci\u00f3n, ingenier\u00eda, servicio al cliente, cat\u00e1logos en l\u00ednea, mercadeo y posicionamiento, hacen que los filtros <strong>BALDWIN<\/strong> sean reconocidos en el Ecuador y en el mundo como filtros de alto rendimiento, como reposici\u00f3n de filtros originales de grandes fabricantes de motores, maquinaria y equipos en general.[\/vc_column_text][\/vc_column_inner][\/vc_row_inner][\/vc_column][\/vc_row][vc_row top_margin=\u00bbpage-margin-top\u00bb][vc_column][vc_row_inner][vc_column_inner width=\u00bb1\/4&#8243;][vc_single_image image=\u00bb14793&#8243; img_size=\u00bbfull\u00bb add_caption=\u00bbyes\u00bb alignment=\u00bbcenter\u00bb onclick=\u00bbcustom_link\u00bb link=\u00bbhttps:\/\/www.conauto.com.ec\/index.php\/category\/filtros\/separadores-de-agua\/\u00bb][\/vc_column_inner][vc_column_inner width=\u00bb1\/4&#8243;][vc_single_image image=\u00bb14794&#8243; img_size=\u00bbfull\u00bb add_caption=\u00bbyes\u00bb alignment=\u00bbcenter\u00bb onclick=\u00bbcustom_link\u00bb link=\u00bbhttps:\/\/www.conauto.com.ec\/index.php\/category\/filtros\/filtros-de-aire\/\u00bb][\/vc_column_inner][vc_column_inner width=\u00bb1\/4&#8243;][vc_single_image image=\u00bb14795&#8243; img_size=\u00bbfull\u00bb add_caption=\u00bbyes\u00bb alignment=\u00bbcenter\u00bb][\/vc_column_inner][vc_column_inner width=\u00bb1\/4&#8243;][vc_single_image image=\u00bb14796&#8243; img_size=\u00bbfull\u00bb add_caption=\u00bbyes\u00bb alignment=\u00bbcenter\u00bb onclick=\u00bbcustom_link\u00bb link=\u00bbhttps:\/\/www.conauto.com.ec\/index.php\/category\/filtros\/filtros-hidraulicos\/\u00bb][\/vc_column_inner][\/vc_row_inner][\/vc_column][\/vc_row][vc_row top_margin=\u00bbpage-margin-top\u00bb][vc_column][vc_row_inner][vc_column_inner width=\u00bb1\/4&#8243;][vc_single_image image=\u00bb14798&#8243; img_size=\u00bbfull\u00bb add_caption=\u00bbyes\u00bb alignment=\u00bbcenter\u00bb][\/vc_column_inner][vc_column_inner width=\u00bb1\/4&#8243;][\/vc_column_inner][vc_column_inner width=\u00bb1\/4&#8243;][\/vc_column_inner][vc_column_inner width=\u00bb1\/4&#8243;][\/vc_column_inner][\/vc_row_inner][\/vc_column][\/vc_row][vc_row][vc_column][vc_row_inner][vc_column_inner]<h4 class=\" page-margin-top\">INFORMACI\u00d3N T\u00c9CNICA<\/h4>[\/vc_column_inner][\/vc_row_inner][vc_column_text]- <a href=\"https:\/\/www.conauto.com.ec\/wp-content\/uploads\/2009\/02\/DAHL_form4005s.pdf\">DAHL form4005s\u00a0(PDF)<\/a><br \/>\n&#8211; <a href=\"https:\/\/www.conauto.com.ec\/wp-content\/uploads\/2015\/07\/Filtros_Baldwin_Explorando_Baldwin_form700s.pdf\">Explorando BALDWIN Form700s (PDF)<\/a><br \/>\n&#8211; <a href=\"https:\/\/www.conauto.com.ec\/wp-content\/uploads\/2015\/07\/Filtros_Baldwin_Filtro_De_Aire_De_Sello_Radial_form332s.pdf\">Filtro de aire Sello Radial Form332s (PDF)<\/a><br \/>\n&#8211; <a href=\"https:\/\/www.conauto.com.ec\/wp-content\/uploads\/2015\/07\/Filtros_Baldwin_Filtro_De_Aire_Channel_Flow_form340s.pdf\">Filtros de aire CHANNEL FLOW form340s (PDF)<\/a><br \/>\n&#8211; <a href=\"https:\/\/www.conauto.com.ec\/wp-content\/uploads\/2015\/07\/Filtros_Baldwin_Filtro_De_Aire_Pure_Force_Form330s.pdf\">Filtros Hidr\u00e1ulicos PURE FORCE Form330s (PDF)<\/a><br \/>\n&#8211; <a href=\"https:\/\/www.conauto.com.ec\/wp-content\/uploads\/2015\/07\/Filtros_Baldwin_Proteccion_Del_Sistema_De_Lubricacion_Form187s.pdf\">Protecci\u00f3n del sistema de lubricaci\u00f3n Form187s (PDF)<\/a><br \/>\n&#8211; <a href=\"https:\/\/www.conauto.com.ec\/wp-content\/uploads\/2015\/07\/Filtros_Baldwin_Proteccion_Del_Sistema_De_Hidraulico_Form188s.pdf\">Protecci\u00f3n del sistema hidr\u00e1ulico Form188s (PDF)<\/a><br \/>\n&#8211; <a href=\"https:\/\/www.conauto.com.ec\/wp-content\/uploads\/2015\/07\/Filtros_Baldwin_Proteccion_Del_Sistema_De_Aire_Form189s.pdf\">Protecci\u00f3n sistema de aire Form189s (PDF)<\/a><br \/>\n&#8211; <a href=\"https:\/\/www.conauto.com.ec\/wp-content\/uploads\/2015\/07\/Filtros_Baldwin_Proteccion_Del_Sistema_De_Combustible_Form190s.pdf\">Protecci\u00f3n sistema de combustible Form190s (PDF)<\/a><br \/>\n&#8211; <a href=\"https:\/\/www.conauto.com.ec\/index.php\/baldwin-filtro-de-aceite-bd50000\/\">Filtro de Aceite BD50000 (PDF)<\/a>[\/vc_column_text][\/vc_column][\/vc_row]<\/p>\n<\/div>","protected":false},"excerpt":{"rendered":"<p>[vc_row type=\u00bbfull-width\u00bb css=\u00bb.vc_custom_1559060295157{background-image: url(https:\/\/www.conauto.com.ec\/wp-content\/uploads\/2019\/05\/header-baldwin.jpg?id=23008) !important;background-position: center !important;background-repeat: no-repeat !important;background-size: cover !important;}\u00bb][vc_column][vc_empty_space height=\u00bb254px\u00bb][\/vc_column][\/vc_row][vc_row][vc_column][vc_row_inner][vc_column_inner][vc_column_text el_class=\u00bbtxt-justified \u00ab]Construcci\u00f3n exigente para aplicaciones exigentes. La calidad es la m\u00e1xima prioridad de BALDWIN FILTERS, compa\u00f1\u00eda con m\u00e1s de 75 a\u00f1os en el mercado mundial y que pertenece al grupo CLARCOR, especializado en filtraci\u00f3n. Desde el dise\u00f1o, fabricaci\u00f3n, distribuci\u00f3n, calidad continua, investigaci\u00f3n, ingenier\u00eda,<\/p>\n","protected":false},"author":3,"featured_media":0,"parent":0,"menu_order":0,"comment_status":"closed","ping_status":"closed","template":"template-default-without-breadcrumbs.php","meta":{"_monsterinsights_skip_tracking":false,"_monsterinsights_sitenote_active":false,"_monsterinsights_sitenote_note":"","_monsterinsights_sitenote_category":0,"footnotes":""},"class_list":["post-14791","page","type-page","status-publish","hentry"],"_links":{"self":[{"href":"http:\/\/www.conauto.com.ec\/index.php\/wp-json\/wp\/v2\/pages\/14791","targetHints":{"allow":["GET"]}}],"collection":[{"href":"http:\/\/www.conauto.com.ec\/index.php\/wp-json\/wp\/v2\/pages"}],"about":[{"href":"http:\/\/www.conauto.com.ec\/index.php\/wp-json\/wp\/v2\/types\/page"}],"author":[{"embeddable":true,"href":"http:\/\/www.conauto.com.ec\/index.php\/wp-json\/wp\/v2\/users\/3"}],"replies":[{"embeddable":true,"href":"http:\/\/www.conauto.com.ec\/index.php\/wp-json\/wp\/v2\/comments?post=14791"}],"version-history":[{"count":16,"href":"http:\/\/www.conauto.com.ec\/index.php\/wp-json\/wp\/v2\/pages\/14791\/revisions"}],"predecessor-version":[{"id":23009,"href":"http:\/\/www.conauto.com.ec\/index.php\/wp-json\/wp\/v2\/pages\/14791\/revisions\/23009"}],"wp:attachment":[{"href":"http:\/\/www.conauto.com.ec\/index.php\/wp-json\/wp\/v2\/media?parent=14791"}],"curies":[{"name":"wp","href":"https:\/\/api.w.org\/{rel}","templated":true}]}}