{"id":14692,"date":"2016-07-18T11:59:56","date_gmt":"2016-07-18T16:59:56","guid":{"rendered":"http:\/\/www.conauto.com.ec\/?page_id=14692"},"modified":"2016-08-18T16:02:42","modified_gmt":"2016-08-18T21:02:42","slug":"taller-post-venta","status":"publish","type":"page","link":"http:\/\/www.conauto.com.ec\/index.php\/taller-post-venta\/","title":{"rendered":"Taller Post Venta"},"content":{"rendered":"<div class=\"wpb-content-wrapper\"><p>[vc_row][vc_column][vc_single_image image=\u00bb15892&#8243; img_size=\u00bbfull\u00bb alignment=\u00bbcenter\u00bb]<h2 class=\" box-header page-margin-top\">Servicio T\u00e9cnico Autorizado<\/h2>[vc_column_text el_class=\u00bbmargin-top-34&#8243;]La Divisi\u00f3n de Soluciones Integrales y Servicios de Conauto provee todos los servicios referentes a arranque, mantenimiento preventivo y correctivo, inspecciones, con la finalidad de obtener la reducci\u00f3n de los costos operativos.[\/vc_column_text][vc_column_text][\/vc_column_text][\/vc_column][\/vc_row][vc_row][vc_column width=\u00bb1\/2&#8243;][vc_column_text]<strong>Mantenimiento integral de todos nuestros productos<\/strong><\/p>\n<p>\u2022 Contratos de Mantenimiento Preventivo<br \/>\n\u2022 Mantenimientos Preventivos y Correctivos con todos sus componentes<\/p>\n<p>Con la compra de nuestros productos, usted puede incluir el soporte de un Contrato de Mantenimiento Preventivo en funci\u00f3n de sus necesidades, nuestro departamento de Servicio T\u00e9cnico lo ayudar\u00e1 a buscar la mejor opci\u00f3n para sus requerimientos y as\u00ed maximizar la productividad y confiabilidad de su equipo, donde nuestra meta es reducir sus costos de mantenimiento correctivo, mediante un mantenimiento preventivo profesional.[\/vc_column_text][\/vc_column][vc_column width=\u00bb1\/2&#8243;][vc_column_text]<strong>Contratos de Mantenimiento Preventivo (PSA)<\/strong><\/p>\n<p>\u2022 Servicios a la medida de los requerimientos de nuestros clientes<br \/>\n\u2022 Visitas de inspecci\u00f3n peri\u00f3dicas<br \/>\n\u2022 Requerimientos de Emergencia.<br \/>\n\u2022 Respuesta \u00e1gil y permanente a cualquier tipo de inconveniente[\/vc_column_text][vc_column_text]<strong>Stock de Repuestos Originales<\/strong><br \/>\n\u2022 Log\u00edstica propia para aprovisionamiento, despacho y entrega de nuestros productos y repuestos<br \/>\n\u2022 Productos y repuestos contables[\/vc_column_text][\/vc_column][\/vc_row][vc_row][vc_column width=\u00bb1\/2&#8243;][vc_column_text]<strong>T\u00e9cnicos Especialistas \/ Servicio Profesional<\/strong><\/p>\n<p>\u2022 Altamente capacitados.<br \/>\n\u2022 Experiencia en toda la gama de nuestros equipos<br \/>\ncomercializados a nivel nacional.<br \/>\n\u2022 Cobertura Nacional con t\u00e9cnicos propios (Ecuador continental)<br \/>\n\u2022 Completa bibliograf\u00eda t\u00e9cnica en todos nuestros productos<br \/>\nde nuestras marcas autorizadas.<br \/>\n\u2022 Apoyo t\u00e9cnico internacional de todas nuestras marcas[\/vc_column_text][\/vc_column][vc_column width=\u00bb1\/2&#8243;][\/vc_column][\/vc_row][vc_row][vc_column][vc_column_text]Usted puede contactar directamente a su asesor comercial asignado, o puede contactar a nuestras oficinas o servicio t\u00e9cnico en:[\/vc_column_text][\/vc_column][\/vc_row][vc_row][vc_column width=\u00bb1\/3&#8243;][vc_column_text]<strong>Guayaquil<\/strong><br \/>\n04 2492480 ext. 101<br \/>\ntaller@192.168.5.35[\/vc_column_text][\/vc_column][vc_column width=\u00bb1\/3&#8243;][vc_column_text]<strong>Quito<\/strong><br \/>\n02 2456204 ext. 439<br \/>\ncluna@192.168.5.35[\/vc_column_text][\/vc_column][vc_column width=\u00bb1\/3&#8243;][vc_column_text]<strong>Cuenca<\/strong><br \/>\n07 2862263<br \/>\ntaller.cue@192.168.5.35[\/vc_column_text][\/vc_column][\/vc_row][vc_row][vc_column width=\u00bb1\/3&#8243;][vc_column_text]<strong>Manta<\/strong><br \/>\n05 2928591[\/vc_column_text][\/vc_column][vc_column width=\u00bb1\/3&#8243;][vc_column_text]<strong>Santo Domingo<\/strong><br \/>\n02 3751459[\/vc_column_text][\/vc_column][vc_column width=\u00bb1\/3&#8243;][vc_column_text]<strong>Ambato<\/strong><br \/>\n03 2846249[\/vc_column_text][\/vc_column][\/vc_row]<\/p>\n<\/div>","protected":false},"excerpt":{"rendered":"<p>[vc_row][vc_column][vc_single_image image=\u00bb15892&#8243; img_size=\u00bbfull\u00bb alignment=\u00bbcenter\u00bb][vc_column_text el_class=\u00bbmargin-top-34&#8243;]La Divisi\u00f3n de Soluciones Integrales y Servicios de Conauto provee todos los servicios referentes a arranque, mantenimiento preventivo y correctivo, inspecciones, con la finalidad de obtener la reducci\u00f3n de los costos operativos.[\/vc_column_text][vc_column_text][\/vc_column_text][\/vc_column][\/vc_row][vc_row][vc_column width=\u00bb1\/2&#8243;][vc_column_text]Mantenimiento integral de todos nuestros productos \u2022 Contratos de Mantenimiento Preventivo \u2022 Mantenimientos Preventivos y Correctivos con todos sus<\/p>\n","protected":false},"author":3,"featured_media":0,"parent":0,"menu_order":0,"comment_status":"closed","ping_status":"closed","template":"","meta":{"_monsterinsights_skip_tracking":false,"_monsterinsights_sitenote_active":false,"_monsterinsights_sitenote_note":"","_monsterinsights_sitenote_category":0,"footnotes":""},"class_list":["post-14692","page","type-page","status-publish","hentry"],"_links":{"self":[{"href":"http:\/\/www.conauto.com.ec\/index.php\/wp-json\/wp\/v2\/pages\/14692","targetHints":{"allow":["GET"]}}],"collection":[{"href":"http:\/\/www.conauto.com.ec\/index.php\/wp-json\/wp\/v2\/pages"}],"about":[{"href":"http:\/\/www.conauto.com.ec\/index.php\/wp-json\/wp\/v2\/types\/page"}],"author":[{"embeddable":true,"href":"http:\/\/www.conauto.com.ec\/index.php\/wp-json\/wp\/v2\/users\/3"}],"replies":[{"embeddable":true,"href":"http:\/\/www.conauto.com.ec\/index.php\/wp-json\/wp\/v2\/comments?post=14692"}],"version-history":[{"count":14,"href":"http:\/\/www.conauto.com.ec\/index.php\/wp-json\/wp\/v2\/pages\/14692\/revisions"}],"predecessor-version":[{"id":15893,"href":"http:\/\/www.conauto.com.ec\/index.php\/wp-json\/wp\/v2\/pages\/14692\/revisions\/15893"}],"wp:attachment":[{"href":"http:\/\/www.conauto.com.ec\/index.php\/wp-json\/wp\/v2\/media?parent=14692"}],"curies":[{"name":"wp","href":"https:\/\/api.w.org\/{rel}","templated":true}]}}